{"id":4942,"date":"2025-06-24T13:55:07","date_gmt":"2025-06-24T11:55:07","guid":{"rendered":"https:\/\/prinza.es\/constructions\/residential-housing\/edificio-las-palmeras-marques-de-duero\/"},"modified":"2025-07-25T11:09:15","modified_gmt":"2025-07-25T09:09:15","slug":"edificio-las-palmeras-marques-de-duero","status":"publish","type":"page","link":"https:\/\/prinza.es\/en\/constructions\/residential-housing\/edificio-las-palmeras-marques-de-duero\/","title":{"rendered":"Edificio las Palmeras &#8211; Marqu\u00e9s de Duero"},"content":{"rendered":"\t\t<div data-elementor-type=\"wp-page\" data-elementor-id=\"4942\" class=\"elementor elementor-4942 elementor-996\">\n\t\t\t\t<div class=\"elementor-element elementor-element-7ed6e216 e-flex e-con-boxed e-con e-parent\" data-id=\"7ed6e216\" data-element_type=\"container\" data-settings=\"{&quot;background_background&quot;:&quot;classic&quot;}\">\n\t\t\t\t\t<div class=\"e-con-inner\">\n\t\t\t\t<div class=\"elementor-element elementor-element-589efabb elementor-widget elementor-widget-hfe-breadcrumbs-widget\" data-id=\"589efabb\" data-element_type=\"widget\" data-widget_type=\"hfe-breadcrumbs-widget.default\">\n\t\t\t\t<div class=\"elementor-widget-container\">\n\t\t\t\t\t<nav aria-label=\"Breadcrumb\"><ul class=\"hfe-breadcrumbs hfe-breadcrumbs-show-home\"><li class=\"hfe-breadcrumbs-item hfe-breadcrumbs-first\"><span class=\"hfe-breadcrumbs-home-icon\"><\/span><a href=\"https:\/\/prinza.es\/en\/\"><span class=\"hfe-breadcrumbs-text\">Home<\/span><\/a><\/li><\/ul><\/nav>\t\t\t\t<\/div>\n\t\t\t\t<\/div>\n\t\t\t\t\t<\/div>\n\t\t\t\t<\/div>\n\t\t<div class=\"elementor-element elementor-element-1328b402 e-con-full e-flex e-con e-parent\" data-id=\"1328b402\" data-element_type=\"container\">\n\t\t<div class=\"elementor-element elementor-element-2e70666b e-con-full e-flex e-con e-child\" data-id=\"2e70666b\" data-element_type=\"container\">\n\t\t\t\t<div class=\"elementor-element elementor-element-7dd1b50 elementor-widget elementor-widget-heading\" data-id=\"7dd1b50\" data-element_type=\"widget\" data-widget_type=\"heading.default\">\n\t\t\t\t<div class=\"elementor-widget-container\">\n\t\t\t\t\t<h1 class=\"elementor-heading-title elementor-size-default\">Las Palmeras Building Marqu\u00e9s de Duero<\/h1>\t\t\t\t<\/div>\n\t\t\t\t<\/div>\n\t\t\t\t<div class=\"elementor-element elementor-element-195d4185 elementor-widget elementor-widget-text-editor\" data-id=\"195d4185\" data-element_type=\"widget\" data-widget_type=\"text-editor.default\">\n\t\t\t\t<div class=\"elementor-widget-container\">\n\t\t\t\t\t\t\t\t\t<p><span style=\"font-weight: 400;\">Edificio Las Palmeras, located in Calle Marqu\u00e9s de Duero, one of the main shopping streets of San Pedro de Alc\u00e1ntara, Marbella.<\/span><\/p><p><span style=\"font-weight: 400;\">Built in 2015, this building has 14 flats and a large commercial ground floor, which together with the basement, add up to a total of 2514m2.<\/span><\/p><p><span style=\"font-weight: 400;\">All the terraces of the building face the pedestrian street. In this way, the daily life of the city centre can be enjoyed from the flat. <\/span><\/p>\t\t\t\t\t\t\t\t<\/div>\n\t\t\t\t<\/div>\n\t\t\t\t<div class=\"elementor-element elementor-element-1f09e62 elementor-icon-list--layout-traditional elementor-list-item-link-full_width elementor-widget elementor-widget-icon-list\" data-id=\"1f09e62\" data-element_type=\"widget\" data-widget_type=\"icon-list.default\">\n\t\t\t\t<div class=\"elementor-widget-container\">\n\t\t\t\t\t\t\t<ul class=\"elementor-icon-list-items\">\n\t\t\t\t\t\t\t<li class=\"elementor-icon-list-item\">\n\t\t\t\t\t\t\t\t\t\t\t<span class=\"elementor-icon-list-icon\">\n\t\t\t\t\t\t\t<svg aria-hidden=\"true\" class=\"e-font-icon-svg e-fas-map-marker-alt\" viewBox=\"0 0 384 512\" xmlns=\"http:\/\/www.w3.org\/2000\/svg\"><path d=\"M172.268 501.67C26.97 291.031 0 269.413 0 192 0 85.961 85.961 0 192 0s192 85.961 192 192c0 77.413-26.97 99.031-172.268 309.67-9.535 13.774-29.93 13.773-39.464 0zM192 272c44.183 0 80-35.817 80-80s-35.817-80-80-80-80 35.817-80 80 35.817 80 80 80z\"><\/path><\/svg>\t\t\t\t\t\t<\/span>\n\t\t\t\t\t\t\t\t\t\t<span class=\"elementor-icon-list-text\">Marqu\u00e9s de Duero - San Pedro<\/span>\n\t\t\t\t\t\t\t\t\t<\/li>\n\t\t\t\t\t\t\t\t<li class=\"elementor-icon-list-item\">\n\t\t\t\t\t\t\t\t\t\t\t<span class=\"elementor-icon-list-icon\">\n\t\t\t\t\t\t\t<svg aria-hidden=\"true\" class=\"e-font-icon-svg e-fas-expand-arrows-alt\" viewBox=\"0 0 448 512\" xmlns=\"http:\/\/www.w3.org\/2000\/svg\"><path d=\"M448 344v112a23.94 23.94 0 0 1-24 24H312c-21.39 0-32.09-25.9-17-41l36.2-36.2L224 295.6 116.77 402.9 153 439c15.09 15.1 4.39 41-17 41H24a23.94 23.94 0 0 1-24-24V344c0-21.4 25.89-32.1 41-17l36.19 36.2L184.46 256 77.18 148.7 41 185c-15.1 15.1-41 4.4-41-17V56a23.94 23.94 0 0 1 24-24h112c21.39 0 32.09 25.9 17 41l-36.2 36.2L224 216.4l107.23-107.3L295 73c-15.09-15.1-4.39-41 17-41h112a23.94 23.94 0 0 1 24 24v112c0 21.4-25.89 32.1-41 17l-36.19-36.2L263.54 256l107.28 107.3L407 327.1c15.1-15.2 41-4.5 41 16.9z\"><\/path><\/svg>\t\t\t\t\t\t<\/span>\n\t\t\t\t\t\t\t\t\t\t<span class=\"elementor-icon-list-text\">2514 m2<\/span>\n\t\t\t\t\t\t\t\t\t<\/li>\n\t\t\t\t\t\t<\/ul>\n\t\t\t\t\t\t<\/div>\n\t\t\t\t<\/div>\n\t\t\t\t<\/div>\n\t\t<div class=\"elementor-element elementor-element-2fe7d0cc e-con-full elementor-hidden-tablet elementor-hidden-mobile e-flex e-con e-child\" data-id=\"2fe7d0cc\" data-element_type=\"container\" data-settings=\"{&quot;background_background&quot;:&quot;classic&quot;}\">\n\t\t\t\t<\/div>\n\t\t\t\t<\/div>\n\t\t<div class=\"elementor-element elementor-element-170e8300 e-con-full e-flex e-con e-parent\" data-id=\"170e8300\" data-element_type=\"container\">\n\t\t\t\t<div class=\"elementor-element elementor-element-12f1ed90 elementor-widget elementor-widget-image-gallery\" data-id=\"12f1ed90\" data-element_type=\"widget\" data-widget_type=\"image-gallery.default\">\n\t\t\t\t<div class=\"elementor-widget-container\">\n\t\t\t\t\t\t\t<div class=\"elementor-image-gallery\">\n\t\t\t<div id='gallery-1' class='gallery galleryid-4942 gallery-columns-1 gallery-size-full'><figure class='gallery-item'>\n\t\t\t<div class='gallery-icon landscape'>\n\t\t\t\t<a data-elementor-open-lightbox=\"yes\" data-elementor-lightbox-slideshow=\"12f1ed90\" data-elementor-lightbox-title=\"EdificioLasPalmeras-4\" data-e-action-hash=\"#elementor-action%3Aaction%3Dlightbox%26settings%3DeyJpZCI6NDE3MywidXJsIjoiaHR0cHM6XC9cL3ByaW56YS5lc1wvd3AtY29udGVudFwvdXBsb2Fkc1wvMjAyNVwvMDZcL0VkaWZpY2lvTGFzUGFsbWVyYXMtNC53ZWJwIiwic2xpZGVzaG93IjoiMTJmMWVkOTAifQ%3D%3D\" href='https:\/\/prinza.es\/wp-content\/uploads\/2025\/06\/EdificioLasPalmeras-4.webp'><img fetchpriority=\"high\" decoding=\"async\" width=\"1920\" height=\"1080\" src=\"https:\/\/prinza.es\/wp-content\/uploads\/2025\/06\/EdificioLasPalmeras-4.webp\" class=\"attachment-full size-full\" alt=\"\" srcset=\"https:\/\/prinza.es\/wp-content\/uploads\/2025\/06\/EdificioLasPalmeras-4.webp 1920w, https:\/\/prinza.es\/wp-content\/uploads\/2025\/06\/EdificioLasPalmeras-4-300x169.webp 300w, https:\/\/prinza.es\/wp-content\/uploads\/2025\/06\/EdificioLasPalmeras-4-1024x576.webp 1024w, https:\/\/prinza.es\/wp-content\/uploads\/2025\/06\/EdificioLasPalmeras-4-768x432.webp 768w, https:\/\/prinza.es\/wp-content\/uploads\/2025\/06\/EdificioLasPalmeras-4-1536x864.webp 1536w\" sizes=\"(max-width: 1920px) 100vw, 1920px\" \/><\/a>\n\t\t\t<\/div><\/figure><figure class='gallery-item'>\n\t\t\t<div class='gallery-icon landscape'>\n\t\t\t\t<a data-elementor-open-lightbox=\"yes\" data-elementor-lightbox-slideshow=\"12f1ed90\" data-elementor-lightbox-title=\"EdificioLasPalmeras-1\" data-e-action-hash=\"#elementor-action%3Aaction%3Dlightbox%26settings%3DeyJpZCI6NDE3MCwidXJsIjoiaHR0cHM6XC9cL3ByaW56YS5lc1wvd3AtY29udGVudFwvdXBsb2Fkc1wvMjAyNVwvMDZcL0VkaWZpY2lvTGFzUGFsbWVyYXMtMS53ZWJwIiwic2xpZGVzaG93IjoiMTJmMWVkOTAifQ%3D%3D\" href='https:\/\/prinza.es\/wp-content\/uploads\/2025\/06\/EdificioLasPalmeras-1.webp'><img decoding=\"async\" width=\"1920\" height=\"1080\" src=\"https:\/\/prinza.es\/wp-content\/uploads\/2025\/06\/EdificioLasPalmeras-1.webp\" class=\"attachment-full size-full\" alt=\"\" srcset=\"https:\/\/prinza.es\/wp-content\/uploads\/2025\/06\/EdificioLasPalmeras-1.webp 1920w, https:\/\/prinza.es\/wp-content\/uploads\/2025\/06\/EdificioLasPalmeras-1-300x169.webp 300w, https:\/\/prinza.es\/wp-content\/uploads\/2025\/06\/EdificioLasPalmeras-1-1024x576.webp 1024w, https:\/\/prinza.es\/wp-content\/uploads\/2025\/06\/EdificioLasPalmeras-1-768x432.webp 768w, https:\/\/prinza.es\/wp-content\/uploads\/2025\/06\/EdificioLasPalmeras-1-1536x864.webp 1536w\" sizes=\"(max-width: 1920px) 100vw, 1920px\" \/><\/a>\n\t\t\t<\/div><\/figure><figure class='gallery-item'>\n\t\t\t<div class='gallery-icon landscape'>\n\t\t\t\t<a data-elementor-open-lightbox=\"yes\" data-elementor-lightbox-slideshow=\"12f1ed90\" data-elementor-lightbox-title=\"EdificioLasPalmeras-2\" data-e-action-hash=\"#elementor-action%3Aaction%3Dlightbox%26settings%3DeyJpZCI6NDE3MSwidXJsIjoiaHR0cHM6XC9cL3ByaW56YS5lc1wvd3AtY29udGVudFwvdXBsb2Fkc1wvMjAyNVwvMDZcL0VkaWZpY2lvTGFzUGFsbWVyYXMtMi53ZWJwIiwic2xpZGVzaG93IjoiMTJmMWVkOTAifQ%3D%3D\" href='https:\/\/prinza.es\/wp-content\/uploads\/2025\/06\/EdificioLasPalmeras-2.webp'><img decoding=\"async\" width=\"1920\" height=\"1080\" src=\"https:\/\/prinza.es\/wp-content\/uploads\/2025\/06\/EdificioLasPalmeras-2.webp\" class=\"attachment-full size-full\" alt=\"\" srcset=\"https:\/\/prinza.es\/wp-content\/uploads\/2025\/06\/EdificioLasPalmeras-2.webp 1920w, https:\/\/prinza.es\/wp-content\/uploads\/2025\/06\/EdificioLasPalmeras-2-300x169.webp 300w, https:\/\/prinza.es\/wp-content\/uploads\/2025\/06\/EdificioLasPalmeras-2-1024x576.webp 1024w, https:\/\/prinza.es\/wp-content\/uploads\/2025\/06\/EdificioLasPalmeras-2-768x432.webp 768w, https:\/\/prinza.es\/wp-content\/uploads\/2025\/06\/EdificioLasPalmeras-2-1536x864.webp 1536w\" sizes=\"(max-width: 1920px) 100vw, 1920px\" \/><\/a>\n\t\t\t<\/div><\/figure><figure class='gallery-item'>\n\t\t\t<div class='gallery-icon landscape'>\n\t\t\t\t<a data-elementor-open-lightbox=\"yes\" data-elementor-lightbox-slideshow=\"12f1ed90\" data-elementor-lightbox-title=\"EdificioLasPalmeras-3\" data-e-action-hash=\"#elementor-action%3Aaction%3Dlightbox%26settings%3DeyJpZCI6NDE3MiwidXJsIjoiaHR0cHM6XC9cL3ByaW56YS5lc1wvd3AtY29udGVudFwvdXBsb2Fkc1wvMjAyNVwvMDZcL0VkaWZpY2lvTGFzUGFsbWVyYXMtMy53ZWJwIiwic2xpZGVzaG93IjoiMTJmMWVkOTAifQ%3D%3D\" href='https:\/\/prinza.es\/wp-content\/uploads\/2025\/06\/EdificioLasPalmeras-3.webp'><img loading=\"lazy\" decoding=\"async\" width=\"1920\" height=\"1080\" src=\"https:\/\/prinza.es\/wp-content\/uploads\/2025\/06\/EdificioLasPalmeras-3.webp\" class=\"attachment-full size-full\" alt=\"\" srcset=\"https:\/\/prinza.es\/wp-content\/uploads\/2025\/06\/EdificioLasPalmeras-3.webp 1920w, https:\/\/prinza.es\/wp-content\/uploads\/2025\/06\/EdificioLasPalmeras-3-300x169.webp 300w, https:\/\/prinza.es\/wp-content\/uploads\/2025\/06\/EdificioLasPalmeras-3-1024x576.webp 1024w, https:\/\/prinza.es\/wp-content\/uploads\/2025\/06\/EdificioLasPalmeras-3-768x432.webp 768w, https:\/\/prinza.es\/wp-content\/uploads\/2025\/06\/EdificioLasPalmeras-3-1536x864.webp 1536w\" sizes=\"(max-width: 1920px) 100vw, 1920px\" \/><\/a>\n\t\t\t<\/div><\/figure>\n\t\t<\/div>\n\t\t<\/div>\n\t\t\t\t\t\t<\/div>\n\t\t\t\t<\/div>\n\t\t\t\t<\/div>\n\t\t\t\t<\/div>\n\t\t","protected":false},"excerpt":{"rendered":"<p>Home Las Palmeras Building Marqu\u00e9s de Duero Edificio Las Palmeras, located in Calle Marqu\u00e9s de Duero, one of the main shopping streets of San Pedro de Alc\u00e1ntara, Marbella. Built in 2015, this building has 14 flats and a large commercial ground floor, which together with the basement, add up to a total of 2514m2. All [&hellip;]<\/p>\n","protected":false},"author":1,"featured_media":0,"parent":4847,"menu_order":0,"comment_status":"closed","ping_status":"closed","template":"","meta":{"footnotes":""},"class_list":["post-4942","page","type-page","status-publish","hentry"],"yoast_head":"<!-- This site is optimized with the Yoast SEO plugin v25.9 - https:\/\/yoast.com\/wordpress\/plugins\/seo\/ -->\n<title>Edificio las Palmeras - Marqu\u00e9s de Duero - Prinza<\/title>\n<meta name=\"description\" content=\"Discover Edificio las Palmeras - Marqu\u00e9s de Duero, a residential home with personalised attention and exceptional comfort. Explore its details.\" \/>\n<meta name=\"robots\" content=\"index, follow, max-snippet:-1, max-image-preview:large, max-video-preview:-1\" \/>\n<link rel=\"canonical\" href=\"https:\/\/prinza.es\/en\/constructions\/residential-housing\/edificio-las-palmeras-marques-de-duero\/\" \/>\n<meta property=\"og:locale\" content=\"en_US\" \/>\n<meta property=\"og:type\" content=\"article\" \/>\n<meta property=\"og:title\" content=\"Edificio las Palmeras - Marqu\u00e9s de Duero - Prinza\" \/>\n<meta property=\"og:description\" content=\"Discover Edificio las Palmeras - Marqu\u00e9s de Duero, a residential home with personalised attention and exceptional comfort. Explore its details.\" \/>\n<meta property=\"og:url\" content=\"https:\/\/prinza.es\/en\/constructions\/residential-housing\/edificio-las-palmeras-marques-de-duero\/\" \/>\n<meta property=\"og:site_name\" content=\"Prinza\" \/>\n<meta property=\"article:modified_time\" content=\"2025-07-25T09:09:15+00:00\" \/>\n<meta property=\"og:image\" content=\"https:\/\/prinza.es\/wp-content\/uploads\/2025\/06\/EdificioLasPalmeras-4.webp\" \/>\n<meta name=\"twitter:card\" content=\"summary_large_image\" \/>\n<script type=\"application\/ld+json\" class=\"yoast-schema-graph\">{\"@context\":\"https:\/\/schema.org\",\"@graph\":[{\"@type\":\"WebPage\",\"@id\":\"https:\/\/prinza.es\/en\/constructions\/residential-housing\/edificio-las-palmeras-marques-de-duero\/\",\"url\":\"https:\/\/prinza.es\/en\/constructions\/residential-housing\/edificio-las-palmeras-marques-de-duero\/\",\"name\":\"Edificio las Palmeras - Marqu\u00e9s de Duero - Prinza\",\"isPartOf\":{\"@id\":\"https:\/\/prinza.es\/en\/#website\"},\"primaryImageOfPage\":{\"@id\":\"https:\/\/prinza.es\/en\/constructions\/residential-housing\/edificio-las-palmeras-marques-de-duero\/#primaryimage\"},\"image\":{\"@id\":\"https:\/\/prinza.es\/en\/constructions\/residential-housing\/edificio-las-palmeras-marques-de-duero\/#primaryimage\"},\"thumbnailUrl\":\"https:\/\/prinza.es\/wp-content\/uploads\/2025\/06\/EdificioLasPalmeras-4.webp\",\"datePublished\":\"2025-06-24T11:55:07+00:00\",\"dateModified\":\"2025-07-25T09:09:15+00:00\",\"description\":\"Discover Edificio las Palmeras - Marqu\u00e9s de Duero, a residential home with personalised attention and exceptional comfort. Explore its details.\",\"breadcrumb\":{\"@id\":\"https:\/\/prinza.es\/en\/constructions\/residential-housing\/edificio-las-palmeras-marques-de-duero\/#breadcrumb\"},\"inLanguage\":\"en-US\",\"potentialAction\":[{\"@type\":\"ReadAction\",\"target\":[\"https:\/\/prinza.es\/en\/constructions\/residential-housing\/edificio-las-palmeras-marques-de-duero\/\"]}]},{\"@type\":\"ImageObject\",\"inLanguage\":\"en-US\",\"@id\":\"https:\/\/prinza.es\/en\/constructions\/residential-housing\/edificio-las-palmeras-marques-de-duero\/#primaryimage\",\"url\":\"https:\/\/prinza.es\/wp-content\/uploads\/2025\/06\/EdificioLasPalmeras-4.webp\",\"contentUrl\":\"https:\/\/prinza.es\/wp-content\/uploads\/2025\/06\/EdificioLasPalmeras-4.webp\"},{\"@type\":\"BreadcrumbList\",\"@id\":\"https:\/\/prinza.es\/en\/constructions\/residential-housing\/edificio-las-palmeras-marques-de-duero\/#breadcrumb\",\"itemListElement\":[{\"@type\":\"ListItem\",\"position\":1,\"name\":\"Portada\",\"item\":\"https:\/\/prinza.es\/en\/\"},{\"@type\":\"ListItem\",\"position\":2,\"name\":\"Constructions\",\"item\":\"https:\/\/prinza.es\/en\/construcciones\/\"},{\"@type\":\"ListItem\",\"position\":3,\"name\":\"Residential Housing\",\"item\":\"https:\/\/prinza.es\/en\/construcciones\/vivienda-residencial\/\"},{\"@type\":\"ListItem\",\"position\":4,\"name\":\"Edificio las Palmeras &#8211; Marqu\u00e9s de Duero\"}]},{\"@type\":\"WebSite\",\"@id\":\"https:\/\/prinza.es\/en\/#website\",\"url\":\"https:\/\/prinza.es\/en\/\",\"name\":\"Prinza\",\"description\":\"\",\"potentialAction\":[{\"@type\":\"SearchAction\",\"target\":{\"@type\":\"EntryPoint\",\"urlTemplate\":\"https:\/\/prinza.es\/en\/?s={search_term_string}\"},\"query-input\":{\"@type\":\"PropertyValueSpecification\",\"valueRequired\":true,\"valueName\":\"search_term_string\"}}],\"inLanguage\":\"en-US\"}]}<\/script>\n<!-- \/ Yoast SEO plugin. -->","yoast_head_json":{"title":"Edificio las Palmeras - Marqu\u00e9s de Duero - Prinza","description":"Discover Edificio las Palmeras - Marqu\u00e9s de Duero, a residential home with personalised attention and exceptional comfort. Explore its details.","robots":{"index":"index","follow":"follow","max-snippet":"max-snippet:-1","max-image-preview":"max-image-preview:large","max-video-preview":"max-video-preview:-1"},"canonical":"https:\/\/prinza.es\/en\/constructions\/residential-housing\/edificio-las-palmeras-marques-de-duero\/","og_locale":"en_US","og_type":"article","og_title":"Edificio las Palmeras - Marqu\u00e9s de Duero - Prinza","og_description":"Discover Edificio las Palmeras - Marqu\u00e9s de Duero, a residential home with personalised attention and exceptional comfort. Explore its details.","og_url":"https:\/\/prinza.es\/en\/constructions\/residential-housing\/edificio-las-palmeras-marques-de-duero\/","og_site_name":"Prinza","article_modified_time":"2025-07-25T09:09:15+00:00","og_image":[{"url":"https:\/\/prinza.es\/wp-content\/uploads\/2025\/06\/EdificioLasPalmeras-4.webp","type":"","width":"","height":""}],"twitter_card":"summary_large_image","schema":{"@context":"https:\/\/schema.org","@graph":[{"@type":"WebPage","@id":"https:\/\/prinza.es\/en\/constructions\/residential-housing\/edificio-las-palmeras-marques-de-duero\/","url":"https:\/\/prinza.es\/en\/constructions\/residential-housing\/edificio-las-palmeras-marques-de-duero\/","name":"Edificio las Palmeras - Marqu\u00e9s de Duero - Prinza","isPartOf":{"@id":"https:\/\/prinza.es\/en\/#website"},"primaryImageOfPage":{"@id":"https:\/\/prinza.es\/en\/constructions\/residential-housing\/edificio-las-palmeras-marques-de-duero\/#primaryimage"},"image":{"@id":"https:\/\/prinza.es\/en\/constructions\/residential-housing\/edificio-las-palmeras-marques-de-duero\/#primaryimage"},"thumbnailUrl":"https:\/\/prinza.es\/wp-content\/uploads\/2025\/06\/EdificioLasPalmeras-4.webp","datePublished":"2025-06-24T11:55:07+00:00","dateModified":"2025-07-25T09:09:15+00:00","description":"Discover Edificio las Palmeras - Marqu\u00e9s de Duero, a residential home with personalised attention and exceptional comfort. Explore its details.","breadcrumb":{"@id":"https:\/\/prinza.es\/en\/constructions\/residential-housing\/edificio-las-palmeras-marques-de-duero\/#breadcrumb"},"inLanguage":"en-US","potentialAction":[{"@type":"ReadAction","target":["https:\/\/prinza.es\/en\/constructions\/residential-housing\/edificio-las-palmeras-marques-de-duero\/"]}]},{"@type":"ImageObject","inLanguage":"en-US","@id":"https:\/\/prinza.es\/en\/constructions\/residential-housing\/edificio-las-palmeras-marques-de-duero\/#primaryimage","url":"https:\/\/prinza.es\/wp-content\/uploads\/2025\/06\/EdificioLasPalmeras-4.webp","contentUrl":"https:\/\/prinza.es\/wp-content\/uploads\/2025\/06\/EdificioLasPalmeras-4.webp"},{"@type":"BreadcrumbList","@id":"https:\/\/prinza.es\/en\/constructions\/residential-housing\/edificio-las-palmeras-marques-de-duero\/#breadcrumb","itemListElement":[{"@type":"ListItem","position":1,"name":"Portada","item":"https:\/\/prinza.es\/en\/"},{"@type":"ListItem","position":2,"name":"Constructions","item":"https:\/\/prinza.es\/en\/construcciones\/"},{"@type":"ListItem","position":3,"name":"Residential Housing","item":"https:\/\/prinza.es\/en\/construcciones\/vivienda-residencial\/"},{"@type":"ListItem","position":4,"name":"Edificio las Palmeras &#8211; Marqu\u00e9s de Duero"}]},{"@type":"WebSite","@id":"https:\/\/prinza.es\/en\/#website","url":"https:\/\/prinza.es\/en\/","name":"Prinza","description":"","potentialAction":[{"@type":"SearchAction","target":{"@type":"EntryPoint","urlTemplate":"https:\/\/prinza.es\/en\/?s={search_term_string}"},"query-input":{"@type":"PropertyValueSpecification","valueRequired":true,"valueName":"search_term_string"}}],"inLanguage":"en-US"}]}},"rttpg_featured_image_url":null,"rttpg_author":{"display_name":"Impresiona","author_link":"https:\/\/prinza.es\/en\/author\/impresiona\/"},"rttpg_comment":0,"rttpg_category":" <a href=\"https:\/\/prinza.es\/en\/?taxonomy=translation_priority&#038;term=optional-en\" rel=\"tag\">Optional<\/a>","rttpg_excerpt":"Home Las Palmeras Building Marqu\u00e9s de Duero Edificio Las Palmeras, located in Calle Marqu\u00e9s de Duero, one of the main shopping streets of San Pedro de Alc\u00e1ntara, Marbella. Built in 2015, this building has 14 flats and a large commercial ground floor, which together with the basement, add up to a total of 2514m2. All&hellip;","_links":{"self":[{"href":"https:\/\/prinza.es\/en\/wp-json\/wp\/v2\/pages\/4942","targetHints":{"allow":["GET"]}}],"collection":[{"href":"https:\/\/prinza.es\/en\/wp-json\/wp\/v2\/pages"}],"about":[{"href":"https:\/\/prinza.es\/en\/wp-json\/wp\/v2\/types\/page"}],"author":[{"embeddable":true,"href":"https:\/\/prinza.es\/en\/wp-json\/wp\/v2\/users\/1"}],"replies":[{"embeddable":true,"href":"https:\/\/prinza.es\/en\/wp-json\/wp\/v2\/comments?post=4942"}],"version-history":[{"count":5,"href":"https:\/\/prinza.es\/en\/wp-json\/wp\/v2\/pages\/4942\/revisions"}],"predecessor-version":[{"id":6257,"href":"https:\/\/prinza.es\/en\/wp-json\/wp\/v2\/pages\/4942\/revisions\/6257"}],"up":[{"embeddable":true,"href":"https:\/\/prinza.es\/en\/wp-json\/wp\/v2\/pages\/4847"}],"wp:attachment":[{"href":"https:\/\/prinza.es\/en\/wp-json\/wp\/v2\/media?parent=4942"}],"curies":[{"name":"wp","href":"https:\/\/api.w.org\/{rel}","templated":true}]}}