{"id":4938,"date":"2025-07-18T10:38:36","date_gmt":"2025-07-18T08:38:36","guid":{"rendered":"https:\/\/prinza.es\/constructions\/luxury-villas\/81-6-cascada-de-camojan\/"},"modified":"2025-12-16T09:42:31","modified_gmt":"2025-12-16T08:42:31","slug":"81-6-cascada-de-camojan","status":"publish","type":"page","link":"https:\/\/prinza.es\/en\/constructions\/luxury-villas\/81-6-cascada-de-camojan\/","title":{"rendered":"81.6 Cascada de Camoj\u00e1n"},"content":{"rendered":"\t\t<div data-elementor-type=\"wp-page\" data-elementor-id=\"4938\" class=\"elementor elementor-4938\">\n\t\t\t\t<div class=\"elementor-element elementor-element-268dd57e e-flex e-con-boxed e-con e-parent\" data-id=\"268dd57e\" data-element_type=\"container\" data-settings=\"{&quot;background_background&quot;:&quot;classic&quot;}\">\n\t\t\t\t\t<div class=\"e-con-inner\">\n\t\t\t\t<div class=\"elementor-element elementor-element-6e8d2886 elementor-widget elementor-widget-hfe-breadcrumbs-widget\" data-id=\"6e8d2886\" data-element_type=\"widget\" data-widget_type=\"hfe-breadcrumbs-widget.default\">\n\t\t\t\t<div class=\"elementor-widget-container\">\n\t\t\t\t\t<nav aria-label=\"Breadcrumb\"><ul class=\"hfe-breadcrumbs hfe-breadcrumbs-show-home\"><li class=\"hfe-breadcrumbs-item hfe-breadcrumbs-first\"><span class=\"hfe-breadcrumbs-home-icon\"><\/span><a href=\"https:\/\/prinza.es\/en\/\"><span class=\"hfe-breadcrumbs-text\">Home<\/span><\/a><\/li><\/ul><\/nav>\t\t\t\t<\/div>\n\t\t\t\t<\/div>\n\t\t\t\t\t<\/div>\n\t\t\t\t<\/div>\n\t\t<div class=\"elementor-element elementor-element-1e58db32 e-con-full e-flex e-con e-parent\" data-id=\"1e58db32\" data-element_type=\"container\">\n\t\t<div class=\"elementor-element elementor-element-1bf2fd8 e-con-full e-flex e-con e-child\" data-id=\"1bf2fd8\" data-element_type=\"container\">\n\t\t\t\t<div class=\"elementor-element elementor-element-4690759 elementor-widget elementor-widget-heading\" data-id=\"4690759\" data-element_type=\"widget\" data-widget_type=\"heading.default\">\n\t\t\t\t<div class=\"elementor-widget-container\">\n\t\t\t\t\t<h1 class=\"elementor-heading-title elementor-size-default\">81.6 Cascada De Camoj\u00e1n<\/h1>\t\t\t\t<\/div>\n\t\t\t\t<\/div>\n\t\t\t\t<div class=\"elementor-element elementor-element-54ef6f0a elementor-widget elementor-widget-text-editor\" data-id=\"54ef6f0a\" data-element_type=\"widget\" data-widget_type=\"text-editor.default\">\n\t\t\t\t<div class=\"elementor-widget-container\">\n\t\t\t\t\t\t\t\t\t<p><span style=\"font-weight: 400;\">In the prestigious urbanisation of Cascada de Camoj\u00e1n we find this luxury villa in traditional style.<\/span><\/p><p><span style=\"font-weight: 400;\">It is finished to the highest luxury standards; marble, Sch\u00fcco aluminium, iroko wood and fully domotic.<\/span><\/p>\t\t\t\t\t\t\t\t<\/div>\n\t\t\t\t<\/div>\n\t\t\t\t<div class=\"elementor-element elementor-element-59d61aab elementor-icon-list--layout-traditional elementor-list-item-link-full_width elementor-widget elementor-widget-icon-list\" data-id=\"59d61aab\" data-element_type=\"widget\" data-widget_type=\"icon-list.default\">\n\t\t\t\t<div class=\"elementor-widget-container\">\n\t\t\t\t\t\t\t<ul class=\"elementor-icon-list-items\">\n\t\t\t\t\t\t\t<li class=\"elementor-icon-list-item\">\n\t\t\t\t\t\t\t\t\t\t\t<span class=\"elementor-icon-list-icon\">\n\t\t\t\t\t\t\t<svg aria-hidden=\"true\" class=\"e-font-icon-svg e-fas-map-marker-alt\" viewBox=\"0 0 384 512\" xmlns=\"http:\/\/www.w3.org\/2000\/svg\"><path d=\"M172.268 501.67C26.97 291.031 0 269.413 0 192 0 85.961 85.961 0 192 0s192 85.961 192 192c0 77.413-26.97 99.031-172.268 309.67-9.535 13.774-29.93 13.773-39.464 0zM192 272c44.183 0 80-35.817 80-80s-35.817-80-80-80-80 35.817-80 80 35.817 80 80 80z\"><\/path><\/svg>\t\t\t\t\t\t<\/span>\n\t\t\t\t\t\t\t\t\t\t<span class=\"elementor-icon-list-text\">Marbella<\/span>\n\t\t\t\t\t\t\t\t\t<\/li>\n\t\t\t\t\t\t\t\t<li class=\"elementor-icon-list-item\">\n\t\t\t\t\t\t\t\t\t\t\t<span class=\"elementor-icon-list-icon\">\n\t\t\t\t\t\t\t<svg aria-hidden=\"true\" class=\"e-font-icon-svg e-fas-expand-arrows-alt\" viewBox=\"0 0 448 512\" xmlns=\"http:\/\/www.w3.org\/2000\/svg\"><path d=\"M448 344v112a23.94 23.94 0 0 1-24 24H312c-21.39 0-32.09-25.9-17-41l36.2-36.2L224 295.6 116.77 402.9 153 439c15.09 15.1 4.39 41-17 41H24a23.94 23.94 0 0 1-24-24V344c0-21.4 25.89-32.1 41-17l36.19 36.2L184.46 256 77.18 148.7 41 185c-15.1 15.1-41 4.4-41-17V56a23.94 23.94 0 0 1 24-24h112c21.39 0 32.09 25.9 17 41l-36.2 36.2L224 216.4l107.23-107.3L295 73c-15.09-15.1-4.39-41 17-41h112a23.94 23.94 0 0 1 24 24v112c0 21.4-25.89 32.1-41 17l-36.19-36.2L263.54 256l107.28 107.3L407 327.1c15.1-15.2 41-4.5 41 16.9z\"><\/path><\/svg>\t\t\t\t\t\t<\/span>\n\t\t\t\t\t\t\t\t\t\t<span class=\"elementor-icon-list-text\">820 m2<\/span>\n\t\t\t\t\t\t\t\t\t<\/li>\n\t\t\t\t\t\t<\/ul>\n\t\t\t\t\t\t<\/div>\n\t\t\t\t<\/div>\n\t\t\t\t<\/div>\n\t\t<div class=\"elementor-element elementor-element-37eff25d e-con-full elementor-hidden-tablet elementor-hidden-mobile e-flex e-con e-child\" data-id=\"37eff25d\" data-element_type=\"container\" data-settings=\"{&quot;background_background&quot;:&quot;classic&quot;}\">\n\t\t\t\t<\/div>\n\t\t\t\t<\/div>\n\t\t<div class=\"elementor-element elementor-element-20652c58 e-con-full e-flex e-con e-parent\" data-id=\"20652c58\" data-element_type=\"container\">\n\t\t\t\t<div class=\"elementor-element elementor-element-33d46dec elementor-widget elementor-widget-image-gallery\" data-id=\"33d46dec\" data-element_type=\"widget\" data-widget_type=\"image-gallery.default\">\n\t\t\t\t<div class=\"elementor-widget-container\">\n\t\t\t\t\t\t\t<div class=\"elementor-image-gallery\">\n\t\t\t<div id='gallery-1' class='gallery galleryid-4938 gallery-columns-1 gallery-size-full'><figure class='gallery-item'>\n\t\t\t<div class='gallery-icon landscape'>\n\t\t\t\t<a data-elementor-open-lightbox=\"yes\" data-elementor-lightbox-slideshow=\"33d46dec\" data-elementor-lightbox-title=\"1-14-1920x1080\" data-e-action-hash=\"#elementor-action%3Aaction%3Dlightbox%26settings%3DeyJpZCI6NDY1MSwidXJsIjoiaHR0cHM6XC9cL3ByaW56YS5lc1wvd3AtY29udGVudFwvdXBsb2Fkc1wvMjAyNVwvMDdcLzEtMTQtMTkyMHgxMDgwLTEud2VicCIsInNsaWRlc2hvdyI6IjMzZDQ2ZGVjIn0%3D\" href='https:\/\/prinza.es\/wp-content\/uploads\/2025\/07\/1-14-1920x1080-1.webp'><img fetchpriority=\"high\" decoding=\"async\" width=\"1920\" height=\"1080\" src=\"https:\/\/prinza.es\/wp-content\/uploads\/2025\/07\/1-14-1920x1080-1.webp\" class=\"attachment-full size-full\" alt=\"81.6 Cascada de Camojan\" srcset=\"https:\/\/prinza.es\/wp-content\/uploads\/2025\/07\/1-14-1920x1080-1.webp 1920w, https:\/\/prinza.es\/wp-content\/uploads\/2025\/07\/1-14-1920x1080-1-300x169.webp 300w, https:\/\/prinza.es\/wp-content\/uploads\/2025\/07\/1-14-1920x1080-1-1024x576.webp 1024w, https:\/\/prinza.es\/wp-content\/uploads\/2025\/07\/1-14-1920x1080-1-768x432.webp 768w, https:\/\/prinza.es\/wp-content\/uploads\/2025\/07\/1-14-1920x1080-1-1536x864.webp 1536w\" sizes=\"(max-width: 1920px) 100vw, 1920px\" \/><\/a>\n\t\t\t<\/div><\/figure>\n\t\t<\/div>\n\t\t<\/div>\n\t\t\t\t\t\t<\/div>\n\t\t\t\t<\/div>\n\t\t\t\t<\/div>\n\t\t\t\t<\/div>\n\t\t","protected":false},"excerpt":{"rendered":"<p>Home 81.6 Cascada De Camoj\u00e1n In the prestigious urbanisation of Cascada de Camoj\u00e1n we find this luxury villa in traditional style. It is finished to the highest luxury standards; marble, Sch\u00fcco aluminium, iroko wood and fully domotic. Marbella 820 m2<\/p>\n","protected":false},"author":1,"featured_media":0,"parent":4837,"menu_order":0,"comment_status":"closed","ping_status":"closed","template":"","meta":{"footnotes":""},"class_list":["post-4938","page","type-page","status-publish","hentry"],"yoast_head":"<!-- This site is optimized with the Yoast SEO plugin v25.9 - https:\/\/yoast.com\/wordpress\/plugins\/seo\/ -->\n<title>81.6 Cascada de Camoj\u00e1n - Prinza<\/title>\n<meta name=\"description\" content=\"Discover 81.6 Cascada de Camoj\u00e1n in Marbella, a luxury villa with personalized attention and exceptional comfort. Explore its details.\" \/>\n<meta name=\"robots\" content=\"index, follow, max-snippet:-1, max-image-preview:large, max-video-preview:-1\" \/>\n<link rel=\"canonical\" href=\"https:\/\/prinza.es\/en\/constructions\/luxury-villas\/81-6-cascada-de-camojan\/\" \/>\n<meta property=\"og:locale\" content=\"en_US\" \/>\n<meta property=\"og:type\" content=\"article\" \/>\n<meta property=\"og:title\" content=\"81.6 Cascada de Camoj\u00e1n - Prinza\" \/>\n<meta property=\"og:description\" content=\"Discover 81.6 Cascada de Camoj\u00e1n in Marbella, a luxury villa with personalized attention and exceptional comfort. Explore its details.\" \/>\n<meta property=\"og:url\" content=\"https:\/\/prinza.es\/en\/constructions\/luxury-villas\/81-6-cascada-de-camojan\/\" \/>\n<meta property=\"og:site_name\" content=\"Prinza\" \/>\n<meta property=\"article:modified_time\" content=\"2025-12-16T08:42:31+00:00\" \/>\n<meta property=\"og:image\" content=\"https:\/\/prinza.es\/wp-content\/uploads\/2025\/07\/1-14-1920x1080-1.webp\" \/>\n<meta name=\"twitter:card\" content=\"summary_large_image\" \/>\n<script type=\"application\/ld+json\" class=\"yoast-schema-graph\">{\"@context\":\"https:\/\/schema.org\",\"@graph\":[{\"@type\":\"WebPage\",\"@id\":\"https:\/\/prinza.es\/en\/constructions\/luxury-villas\/81-6-cascada-de-camojan\/\",\"url\":\"https:\/\/prinza.es\/en\/constructions\/luxury-villas\/81-6-cascada-de-camojan\/\",\"name\":\"81.6 Cascada de Camoj\u00e1n - Prinza\",\"isPartOf\":{\"@id\":\"https:\/\/prinza.es\/en\/#website\"},\"primaryImageOfPage\":{\"@id\":\"https:\/\/prinza.es\/en\/constructions\/luxury-villas\/81-6-cascada-de-camojan\/#primaryimage\"},\"image\":{\"@id\":\"https:\/\/prinza.es\/en\/constructions\/luxury-villas\/81-6-cascada-de-camojan\/#primaryimage\"},\"thumbnailUrl\":\"https:\/\/prinza.es\/wp-content\/uploads\/2025\/07\/1-14-1920x1080-1.webp\",\"datePublished\":\"2025-07-18T08:38:36+00:00\",\"dateModified\":\"2025-12-16T08:42:31+00:00\",\"description\":\"Discover 81.6 Cascada de Camoj\u00e1n in Marbella, a luxury villa with personalized attention and exceptional comfort. Explore its details.\",\"breadcrumb\":{\"@id\":\"https:\/\/prinza.es\/en\/constructions\/luxury-villas\/81-6-cascada-de-camojan\/#breadcrumb\"},\"inLanguage\":\"en-US\",\"potentialAction\":[{\"@type\":\"ReadAction\",\"target\":[\"https:\/\/prinza.es\/en\/constructions\/luxury-villas\/81-6-cascada-de-camojan\/\"]}]},{\"@type\":\"ImageObject\",\"inLanguage\":\"en-US\",\"@id\":\"https:\/\/prinza.es\/en\/constructions\/luxury-villas\/81-6-cascada-de-camojan\/#primaryimage\",\"url\":\"https:\/\/prinza.es\/wp-content\/uploads\/2025\/07\/1-14-1920x1080-1.webp\",\"contentUrl\":\"https:\/\/prinza.es\/wp-content\/uploads\/2025\/07\/1-14-1920x1080-1.webp\"},{\"@type\":\"BreadcrumbList\",\"@id\":\"https:\/\/prinza.es\/en\/constructions\/luxury-villas\/81-6-cascada-de-camojan\/#breadcrumb\",\"itemListElement\":[{\"@type\":\"ListItem\",\"position\":1,\"name\":\"Portada\",\"item\":\"https:\/\/prinza.es\/en\/\"},{\"@type\":\"ListItem\",\"position\":2,\"name\":\"Constructions\",\"item\":\"https:\/\/prinza.es\/en\/construcciones\/\"},{\"@type\":\"ListItem\",\"position\":3,\"name\":\"Luxury Villas\",\"item\":\"https:\/\/prinza.es\/en\/construcciones\/villas-lujo\/\"},{\"@type\":\"ListItem\",\"position\":4,\"name\":\"81.6 Cascada de Camoj\u00e1n\"}]},{\"@type\":\"WebSite\",\"@id\":\"https:\/\/prinza.es\/en\/#website\",\"url\":\"https:\/\/prinza.es\/en\/\",\"name\":\"Prinza\",\"description\":\"\",\"potentialAction\":[{\"@type\":\"SearchAction\",\"target\":{\"@type\":\"EntryPoint\",\"urlTemplate\":\"https:\/\/prinza.es\/en\/?s={search_term_string}\"},\"query-input\":{\"@type\":\"PropertyValueSpecification\",\"valueRequired\":true,\"valueName\":\"search_term_string\"}}],\"inLanguage\":\"en-US\"}]}<\/script>\n<!-- \/ Yoast SEO plugin. -->","yoast_head_json":{"title":"81.6 Cascada de Camoj\u00e1n - Prinza","description":"Discover 81.6 Cascada de Camoj\u00e1n in Marbella, a luxury villa with personalized attention and exceptional comfort. Explore its details.","robots":{"index":"index","follow":"follow","max-snippet":"max-snippet:-1","max-image-preview":"max-image-preview:large","max-video-preview":"max-video-preview:-1"},"canonical":"https:\/\/prinza.es\/en\/constructions\/luxury-villas\/81-6-cascada-de-camojan\/","og_locale":"en_US","og_type":"article","og_title":"81.6 Cascada de Camoj\u00e1n - Prinza","og_description":"Discover 81.6 Cascada de Camoj\u00e1n in Marbella, a luxury villa with personalized attention and exceptional comfort. Explore its details.","og_url":"https:\/\/prinza.es\/en\/constructions\/luxury-villas\/81-6-cascada-de-camojan\/","og_site_name":"Prinza","article_modified_time":"2025-12-16T08:42:31+00:00","og_image":[{"url":"https:\/\/prinza.es\/wp-content\/uploads\/2025\/07\/1-14-1920x1080-1.webp","type":"","width":"","height":""}],"twitter_card":"summary_large_image","schema":{"@context":"https:\/\/schema.org","@graph":[{"@type":"WebPage","@id":"https:\/\/prinza.es\/en\/constructions\/luxury-villas\/81-6-cascada-de-camojan\/","url":"https:\/\/prinza.es\/en\/constructions\/luxury-villas\/81-6-cascada-de-camojan\/","name":"81.6 Cascada de Camoj\u00e1n - Prinza","isPartOf":{"@id":"https:\/\/prinza.es\/en\/#website"},"primaryImageOfPage":{"@id":"https:\/\/prinza.es\/en\/constructions\/luxury-villas\/81-6-cascada-de-camojan\/#primaryimage"},"image":{"@id":"https:\/\/prinza.es\/en\/constructions\/luxury-villas\/81-6-cascada-de-camojan\/#primaryimage"},"thumbnailUrl":"https:\/\/prinza.es\/wp-content\/uploads\/2025\/07\/1-14-1920x1080-1.webp","datePublished":"2025-07-18T08:38:36+00:00","dateModified":"2025-12-16T08:42:31+00:00","description":"Discover 81.6 Cascada de Camoj\u00e1n in Marbella, a luxury villa with personalized attention and exceptional comfort. Explore its details.","breadcrumb":{"@id":"https:\/\/prinza.es\/en\/constructions\/luxury-villas\/81-6-cascada-de-camojan\/#breadcrumb"},"inLanguage":"en-US","potentialAction":[{"@type":"ReadAction","target":["https:\/\/prinza.es\/en\/constructions\/luxury-villas\/81-6-cascada-de-camojan\/"]}]},{"@type":"ImageObject","inLanguage":"en-US","@id":"https:\/\/prinza.es\/en\/constructions\/luxury-villas\/81-6-cascada-de-camojan\/#primaryimage","url":"https:\/\/prinza.es\/wp-content\/uploads\/2025\/07\/1-14-1920x1080-1.webp","contentUrl":"https:\/\/prinza.es\/wp-content\/uploads\/2025\/07\/1-14-1920x1080-1.webp"},{"@type":"BreadcrumbList","@id":"https:\/\/prinza.es\/en\/constructions\/luxury-villas\/81-6-cascada-de-camojan\/#breadcrumb","itemListElement":[{"@type":"ListItem","position":1,"name":"Portada","item":"https:\/\/prinza.es\/en\/"},{"@type":"ListItem","position":2,"name":"Constructions","item":"https:\/\/prinza.es\/en\/construcciones\/"},{"@type":"ListItem","position":3,"name":"Luxury Villas","item":"https:\/\/prinza.es\/en\/construcciones\/villas-lujo\/"},{"@type":"ListItem","position":4,"name":"81.6 Cascada de Camoj\u00e1n"}]},{"@type":"WebSite","@id":"https:\/\/prinza.es\/en\/#website","url":"https:\/\/prinza.es\/en\/","name":"Prinza","description":"","potentialAction":[{"@type":"SearchAction","target":{"@type":"EntryPoint","urlTemplate":"https:\/\/prinza.es\/en\/?s={search_term_string}"},"query-input":{"@type":"PropertyValueSpecification","valueRequired":true,"valueName":"search_term_string"}}],"inLanguage":"en-US"}]}},"rttpg_featured_image_url":null,"rttpg_author":{"display_name":"Impresiona","author_link":"https:\/\/prinza.es\/en\/author\/impresiona\/"},"rttpg_comment":0,"rttpg_category":" <a href=\"https:\/\/prinza.es\/en\/?taxonomy=translation_priority&#038;term=optional-en\" rel=\"tag\">Optional<\/a>","rttpg_excerpt":"Home 81.6 Cascada De Camoj\u00e1n In the prestigious urbanisation of Cascada de Camoj\u00e1n we find this luxury villa in traditional style. It is finished to the highest luxury standards; marble, Sch\u00fcco aluminium, iroko wood and fully domotic. Marbella 820 m2","_links":{"self":[{"href":"https:\/\/prinza.es\/en\/wp-json\/wp\/v2\/pages\/4938","targetHints":{"allow":["GET"]}}],"collection":[{"href":"https:\/\/prinza.es\/en\/wp-json\/wp\/v2\/pages"}],"about":[{"href":"https:\/\/prinza.es\/en\/wp-json\/wp\/v2\/types\/page"}],"author":[{"embeddable":true,"href":"https:\/\/prinza.es\/en\/wp-json\/wp\/v2\/users\/1"}],"replies":[{"embeddable":true,"href":"https:\/\/prinza.es\/en\/wp-json\/wp\/v2\/comments?post=4938"}],"version-history":[{"count":4,"href":"https:\/\/prinza.es\/en\/wp-json\/wp\/v2\/pages\/4938\/revisions"}],"predecessor-version":[{"id":6204,"href":"https:\/\/prinza.es\/en\/wp-json\/wp\/v2\/pages\/4938\/revisions\/6204"}],"up":[{"embeddable":true,"href":"https:\/\/prinza.es\/en\/wp-json\/wp\/v2\/pages\/4837"}],"wp:attachment":[{"href":"https:\/\/prinza.es\/en\/wp-json\/wp\/v2\/media?parent=4938"}],"curies":[{"name":"wp","href":"https:\/\/api.w.org\/{rel}","templated":true}]}}